{"id":138,"date":"2025-01-30T12:46:30","date_gmt":"2025-01-30T11:46:30","guid":{"rendered":"https:\/\/consultax-varna.com\/?page_id=138"},"modified":"2025-03-13T11:54:44","modified_gmt":"2025-03-13T10:54:44","slug":"terms-of-services","status":"publish","type":"page","link":"https:\/\/consultax-varna.com\/de_de\/terms-of-services\/","title":{"rendered":"Servicebedingungen"},"content":{"rendered":"<p>Bitte lesen Sie diese Gesch\u00e4ftsbedingungen sorgf\u00e4ltig durch, bevor Sie unsere Dienste nutzen.<\/p>\n\n\n\n<p>Zuletzt aktualisiert: 24. Februar 2025<\/p>\n\n\n\n<p>These Terms of Service (\u201cTerms\u201d) govern your use of our website and services. By accessing or using our website, you agree to comply with and be bound by these Terms. If you do not agree with these Terms, please do not use our website.<\/p>\n\n\n\n<h4 class=\"wp-block-heading\"><strong>1. Nutzung der Website<\/strong><\/h4>\n\n\n\n<p>1.1&nbsp;<strong>Teilnahmeberechtigung<\/strong><br>Sie m\u00fcssen mindestens 18 Jahre alt sein oder \u00fcber die rechtliche Befugnis verf\u00fcgen, diese Bedingungen in Ihrer Gerichtsbarkeit einzugehen, um unsere Website und Dienste nutzen zu k\u00f6nnen.<br>1.2&nbsp;<strong>Lizenz<\/strong><br>Wir gew\u00e4hren Ihnen eine begrenzte, nicht exklusive, nicht \u00fcbertragbare Lizenz f\u00fcr den Zugriff auf unsere Website und deren Nutzung f\u00fcr pers\u00f6nliche, nicht kommerzielle Zwecke. Sie d\u00fcrfen die Website nicht f\u00fcr illegale oder nicht autorisierte Zwecke nutzen.<\/p>","protected":false},"excerpt":{"rendered":"<p>Please read these terms and conditions carefully before using Our Services. Last updated: February 24, 2025 These Terms of Service (\u201cTerms\u201d) govern your use of our website and services. By accessing or using our website, you agree to comply with and be bound by these Terms. If you do not agree with these Terms, please [&hellip;]<\/p>\n","protected":false},"author":2,"featured_media":0,"parent":0,"menu_order":0,"comment_status":"closed","ping_status":"closed","template":"wp-custom-template-terms-conditions","meta":{"footnotes":""},"class_list":["post-138","page","type-page","status-publish","hentry"],"yoast_head":"<!-- This site is optimized with the Yoast SEO plugin v27.0 - https:\/\/yoast.com\/product\/yoast-seo-wordpress\/ -->\n<title>Terms of Services - consultax-varna.com<\/title>\n<meta name=\"description\" content=\"Review our Terms of Service to understand the rules and your responsibilities when using our platform and services.\" \/>\n<meta name=\"robots\" content=\"index, follow, max-snippet:-1, max-image-preview:large, max-video-preview:-1\" \/>\n<link rel=\"canonical\" href=\"https:\/\/consultax-varna.com\/de_de\/terms-of-services\/\" \/>\n<meta property=\"og:locale\" content=\"de_DE\" \/>\n<meta property=\"og:type\" content=\"article\" \/>\n<meta property=\"og:title\" content=\"Terms of Services - consultax-varna.com\" \/>\n<meta property=\"og:description\" content=\"Review our Terms of Service to understand the rules and your responsibilities when using our platform and services.\" \/>\n<meta property=\"og:url\" content=\"https:\/\/consultax-varna.com\/de_de\/terms-of-services\/\" \/>\n<meta property=\"og:site_name\" content=\"consultax-varna.com\" \/>\n<meta property=\"article:publisher\" content=\"https:\/\/www.facebook.com\/profile.php?id=61572944484863\" \/>\n<meta property=\"article:modified_time\" content=\"2025-03-13T10:54:44+00:00\" \/>\n<meta name=\"twitter:card\" content=\"summary_large_image\" \/>\n<meta name=\"twitter:label1\" content=\"Gesch\u00e4tzte Lesezeit\" \/>\n\t<meta name=\"twitter:data1\" content=\"1\u00a0Minute\" \/>\n<script type=\"application\/ld+json\" class=\"yoast-schema-graph\">{\"@context\":\"https:\/\/schema.org\",\"@graph\":[{\"@type\":\"WebPage\",\"@id\":\"https:\/\/consultax-varna.com\/terms-of-services\/\",\"url\":\"https:\/\/consultax-varna.com\/terms-of-services\/\",\"name\":\"Terms of Services - consultax-varna.com\",\"isPartOf\":{\"@id\":\"https:\/\/consultax-varna.com\/#website\"},\"datePublished\":\"2025-01-30T11:46:30+00:00\",\"dateModified\":\"2025-03-13T10:54:44+00:00\",\"description\":\"Review our Terms of Service to understand the rules and your responsibilities when using our platform and services.\",\"breadcrumb\":{\"@id\":\"https:\/\/consultax-varna.com\/terms-of-services\/#breadcrumb\"},\"inLanguage\":\"de\",\"potentialAction\":[{\"@type\":\"ReadAction\",\"target\":[\"https:\/\/consultax-varna.com\/terms-of-services\/\"]}]},{\"@type\":\"BreadcrumbList\",\"@id\":\"https:\/\/consultax-varna.com\/terms-of-services\/#breadcrumb\",\"itemListElement\":[{\"@type\":\"ListItem\",\"position\":1,\"name\":\"Home\",\"item\":\"https:\/\/consultax-varna.com\/\"},{\"@type\":\"ListItem\",\"position\":2,\"name\":\"Terms of Services\"}]},{\"@type\":\"WebSite\",\"@id\":\"https:\/\/consultax-varna.com\/#website\",\"url\":\"https:\/\/consultax-varna.com\/\",\"name\":\"consultax-varna.com\",\"description\":\"&quot;Accounting Support for Foreign Businesses in Bulgaria&quot;\",\"publisher\":{\"@id\":\"https:\/\/consultax-varna.com\/#organization\"},\"potentialAction\":[{\"@type\":\"SearchAction\",\"target\":{\"@type\":\"EntryPoint\",\"urlTemplate\":\"https:\/\/consultax-varna.com\/?s={search_term_string}\"},\"query-input\":{\"@type\":\"PropertyValueSpecification\",\"valueRequired\":true,\"valueName\":\"search_term_string\"}}],\"inLanguage\":\"de\"},{\"@type\":\"Organization\",\"@id\":\"https:\/\/consultax-varna.com\/#organization\",\"name\":\"consultax-varna.com\",\"url\":\"https:\/\/consultax-varna.com\/\",\"logo\":{\"@type\":\"ImageObject\",\"inLanguage\":\"de\",\"@id\":\"https:\/\/consultax-varna.com\/#\/schema\/logo\/image\/\",\"url\":\"https:\/\/consultax-varna.com\/wp-content\/uploads\/2025\/02\/7-1.png\",\"contentUrl\":\"https:\/\/consultax-varna.com\/wp-content\/uploads\/2025\/02\/7-1.png\",\"width\":500,\"height\":95,\"caption\":\"consultax-varna.com\"},\"image\":{\"@id\":\"https:\/\/consultax-varna.com\/#\/schema\/logo\/image\/\"},\"sameAs\":[\"https:\/\/www.facebook.com\/profile.php?id=61572944484863\"]}]}<\/script>\n<!-- \/ Yoast SEO plugin. -->","yoast_head_json":{"title":"Terms of Services - consultax-varna.com","description":"Review our Terms of Service to understand the rules and your responsibilities when using our platform and services.","robots":{"index":"index","follow":"follow","max-snippet":"max-snippet:-1","max-image-preview":"max-image-preview:large","max-video-preview":"max-video-preview:-1"},"canonical":"https:\/\/consultax-varna.com\/de_de\/terms-of-services\/","og_locale":"de_DE","og_type":"article","og_title":"Terms of Services - consultax-varna.com","og_description":"Review our Terms of Service to understand the rules and your responsibilities when using our platform and services.","og_url":"https:\/\/consultax-varna.com\/de_de\/terms-of-services\/","og_site_name":"consultax-varna.com","article_publisher":"https:\/\/www.facebook.com\/profile.php?id=61572944484863","article_modified_time":"2025-03-13T10:54:44+00:00","twitter_card":"summary_large_image","twitter_misc":{"Gesch\u00e4tzte Lesezeit":"1\u00a0Minute"},"schema":{"@context":"https:\/\/schema.org","@graph":[{"@type":"WebPage","@id":"https:\/\/consultax-varna.com\/terms-of-services\/","url":"https:\/\/consultax-varna.com\/terms-of-services\/","name":"Terms of Services - consultax-varna.com","isPartOf":{"@id":"https:\/\/consultax-varna.com\/#website"},"datePublished":"2025-01-30T11:46:30+00:00","dateModified":"2025-03-13T10:54:44+00:00","description":"Review our Terms of Service to understand the rules and your responsibilities when using our platform and services.","breadcrumb":{"@id":"https:\/\/consultax-varna.com\/terms-of-services\/#breadcrumb"},"inLanguage":"de","potentialAction":[{"@type":"ReadAction","target":["https:\/\/consultax-varna.com\/terms-of-services\/"]}]},{"@type":"BreadcrumbList","@id":"https:\/\/consultax-varna.com\/terms-of-services\/#breadcrumb","itemListElement":[{"@type":"ListItem","position":1,"name":"Home","item":"https:\/\/consultax-varna.com\/"},{"@type":"ListItem","position":2,"name":"Terms of Services"}]},{"@type":"WebSite","@id":"https:\/\/consultax-varna.com\/#website","url":"https:\/\/consultax-varna.com\/","name":"consultax-varna.com","description":"&quot;Accounting Support for Foreign Businesses in Bulgaria&quot;","publisher":{"@id":"https:\/\/consultax-varna.com\/#organization"},"potentialAction":[{"@type":"SearchAction","target":{"@type":"EntryPoint","urlTemplate":"https:\/\/consultax-varna.com\/?s={search_term_string}"},"query-input":{"@type":"PropertyValueSpecification","valueRequired":true,"valueName":"search_term_string"}}],"inLanguage":"de"},{"@type":"Organization","@id":"https:\/\/consultax-varna.com\/#organization","name":"consultax-varna.com","url":"https:\/\/consultax-varna.com\/","logo":{"@type":"ImageObject","inLanguage":"de","@id":"https:\/\/consultax-varna.com\/#\/schema\/logo\/image\/","url":"https:\/\/consultax-varna.com\/wp-content\/uploads\/2025\/02\/7-1.png","contentUrl":"https:\/\/consultax-varna.com\/wp-content\/uploads\/2025\/02\/7-1.png","width":500,"height":95,"caption":"consultax-varna.com"},"image":{"@id":"https:\/\/consultax-varna.com\/#\/schema\/logo\/image\/"},"sameAs":["https:\/\/www.facebook.com\/profile.php?id=61572944484863"]}]}},"_links":{"self":[{"href":"https:\/\/consultax-varna.com\/de_de\/wp-json\/wp\/v2\/pages\/138","targetHints":{"allow":["GET"]}}],"collection":[{"href":"https:\/\/consultax-varna.com\/de_de\/wp-json\/wp\/v2\/pages"}],"about":[{"href":"https:\/\/consultax-varna.com\/de_de\/wp-json\/wp\/v2\/types\/page"}],"author":[{"embeddable":true,"href":"https:\/\/consultax-varna.com\/de_de\/wp-json\/wp\/v2\/users\/2"}],"replies":[{"embeddable":true,"href":"https:\/\/consultax-varna.com\/de_de\/wp-json\/wp\/v2\/comments?post=138"}],"version-history":[{"count":7,"href":"https:\/\/consultax-varna.com\/de_de\/wp-json\/wp\/v2\/pages\/138\/revisions"}],"predecessor-version":[{"id":688,"href":"https:\/\/consultax-varna.com\/de_de\/wp-json\/wp\/v2\/pages\/138\/revisions\/688"}],"wp:attachment":[{"href":"https:\/\/consultax-varna.com\/de_de\/wp-json\/wp\/v2\/media?parent=138"}],"curies":[{"name":"wp","href":"https:\/\/api.w.org\/{rel}","templated":true}]}}